{"id":460,"date":"2023-12-29T17:16:29","date_gmt":"2023-12-29T16:16:29","guid":{"rendered":"https:\/\/objective-johnson.93-93-112-57.plesk.page\/?page_id=460"},"modified":"2024-08-16T19:02:11","modified_gmt":"2024-08-16T17:02:11","slug":"solicitud-de-presupuesto","status":"publish","type":"page","link":"https:\/\/objective-johnson.93-93-112-57.plesk.page\/en\/solicitud-de-presupuesto\/","title":{"rendered":"Request for quote"},"content":{"rendered":"<div data-elementor-type=\"wp-page\" data-elementor-id=\"460\" class=\"elementor elementor-460\" data-elementor-post-type=\"page\">\n\t\t\t\t<div class=\"elementor-element elementor-element-4c118bd e-flex e-con-boxed e-con e-parent\" data-id=\"4c118bd\" data-element_type=\"container\" data-settings=\"{&quot;jet_parallax_layout_list&quot;:[]}\">\n\t\t\t\t\t<div class=\"e-con-inner\">\n\t\t<div class=\"elementor-element elementor-element-9430a91 e-flex e-con-boxed e-con e-child\" data-id=\"9430a91\" data-element_type=\"container\" data-settings=\"{&quot;background_background&quot;:&quot;classic&quot;,&quot;jet_parallax_layout_list&quot;:[]}\">\n\t\t\t\t\t<div class=\"e-con-inner\">\n\t\t<div class=\"elementor-element elementor-element-a6233ff e-con-full e-flex e-con e-child\" data-id=\"a6233ff\" data-element_type=\"container\" data-settings=\"{&quot;jet_parallax_layout_list&quot;:[]}\">\n\t\t\t\t<\/div>\n\t\t\t\t\t<\/div>\n\t\t\t\t<\/div>\n\t\t\t\t\t<\/div>\n\t\t\t\t<\/div>\n\t\t<div class=\"elementor-element elementor-element-ea0c8d2 e-flex e-con-boxed e-con e-parent\" data-id=\"ea0c8d2\" data-element_type=\"container\" data-settings=\"{&quot;jet_parallax_layout_list&quot;:[]}\">\n\t\t\t\t\t<div class=\"e-con-inner\">\n\t\t<div class=\"elementor-element elementor-element-726d1bf e-flex e-con-boxed e-con e-child\" data-id=\"726d1bf\" data-element_type=\"container\" data-settings=\"{&quot;background_background&quot;:&quot;classic&quot;,&quot;jet_parallax_layout_list&quot;:[]}\">\n\t\t\t\t\t<div class=\"e-con-inner\">\n\t\t\t\t<div class=\"elementor-element elementor-element-3c5f07a migas-de-pan elementor-widget elementor-widget-shortcode\" data-id=\"3c5f07a\" data-element_type=\"widget\" data-widget_type=\"shortcode.default\">\n\t\t\t\t<div class=\"elementor-widget-container\">\n\t\t\t\t\t\t\t<div class=\"elementor-shortcode\"><nav aria-label=\"breadcrumbs\" class=\"rank-math-breadcrumb\"><p><span class=\"last\">Start<\/span><\/p><\/nav><\/div>\n\t\t\t\t\t\t<\/div>\n\t\t\t\t<\/div>\n\t\t\t\t\t<\/div>\n\t\t\t\t<\/div>\n\t\t\t\t\t<\/div>\n\t\t\t\t<\/div>\n\t\t<div class=\"elementor-element elementor-element-d537075 e-flex e-con-boxed e-con e-parent\" data-id=\"d537075\" data-element_type=\"container\" data-settings=\"{&quot;jet_parallax_layout_list&quot;:[]}\">\n\t\t\t\t\t<div class=\"e-con-inner\">\n\t\t\t\t<div class=\"elementor-element elementor-element-6fe2db6 elementor-widget elementor-widget-heading\" data-id=\"6fe2db6\" data-element_type=\"widget\" data-widget_type=\"heading.default\">\n\t\t\t\t<div class=\"elementor-widget-container\">\n\t\t\t\t\t<h2 class=\"elementor-heading-title elementor-size-default\">Cumplimenta este formulario y en breve nos pondremos en contacto para facilitarte un presupuesto adecuado a tus necesidades<\/h2>\t\t\t\t<\/div>\n\t\t\t\t<\/div>\n\t\t<div class=\"elementor-element elementor-element-6a790aa e-con-full e-flex e-con e-child\" data-id=\"6a790aa\" data-element_type=\"container\" data-settings=\"{&quot;jet_parallax_layout_list&quot;:[]}\">\n\t\t\t\t<div class=\"elementor-element elementor-element-65b023e elementor-widget elementor-widget-jet-form-builder-form\" data-id=\"65b023e\" data-element_type=\"widget\" data-widget_type=\"jet-form-builder-form.default\">\n\t\t\t\t<div class=\"elementor-widget-container\">\n\t\t\t\t\t<link rel='stylesheet' id='wp-block-library-css' href='https:\/\/objective-johnson.93-93-112-57.plesk.page\/wp-includes\/css\/dist\/block-library\/style.min.css?ver=6.9.4' media='all' \/>\n<style id=\"jet-form-builder-468-inline-css\"><\/style><form  class=\"jet-form-builder layout-column submit-type-reload\" action=\"https:\/\/objective-johnson.93-93-112-57.plesk.page\/en\/wp-json\/wp\/v2\/pages\/460\/?HQEbhV=8WJdr0Xadi&#038;method=reload\" method=\"POST\" data-form-id=\"468\" data-layout=\"column\" enctype=\"multipart\/form-data\" novalidate=\"null\" ssr_validation_method=\"rest\" data-trp-original-action=\"https:\/\/objective-johnson.93-93-112-57.plesk.page\/en\/wp-json\/wp\/v2\/pages\/460\/?HQEbhV=8WJdr0Xadi&amp;method=reload\">\r\n<input type=\"hidden\" name=\"_jfb_current_render_states[]\" value=\"DEFAULT.STATE\" data-jfb-sync \/><input type=\"hidden\" class=\"jet-form-builder__field hidden-field\" name=\"_jet_engine_booking_form_id\" data-field-name=\"_jet_engine_booking_form_id\" value=\"468\">\n<input type=\"hidden\" class=\"jet-form-builder__field hidden-field\" name=\"_jet_engine_refer\" data-field-name=\"_jet_engine_refer\" value=\"https:\/\/objective-johnson.93-93-112-57.plesk.page\/en\/wp-json\/wp\/v2\/pages\/460\/\">\n<input type=\"hidden\" class=\"jet-form-builder__field hidden-field\" name=\"__queried_post_id\" data-field-name=\"__queried_post_id\" value=\"460\">\n\n<input type=\"hidden\" class=\"jet-form-builder__field hidden-field\" name=\"post_id\" data-field-name=\"post_id\" data-jfb-sync=\"null\" value=\"460\">\n\n\n\n\n<h3 class=\"wp-block-heading\"><strong>Applicant&#039;s data<\/strong><\/h3>\n\n\n<div  class=\"jet-form-builder-row field-type-text-field\" >\n<div class=\"jet-form-builder__label\">\r\n<div class=\"jet-form-builder__label-text\">Name <span class=\"jet-form-builder__required\">*<\/span><\/div><\/div><div class=\"jet-form-builder__field-wrap\">\n\t\t\t\t<input required=\"required\" name=\"nombre\" id=\"nombre\" type=\"text\" data-field-name=\"nombre\" class=\"jet-form-builder__field text-field\" data-jfb-sync=\"null\" autocomplete=\"off_l3gcIKaz\">\n\t\t\t\t\t<\/div>\n<\/div>\n\n<div  class=\"jet-form-builder-row field-type-text-field\" >\n<div class=\"jet-form-builder__label\">\r\n<div class=\"jet-form-builder__label-text\">Apellido <span class=\"jet-form-builder__required\">*<\/span><\/div><\/div><div class=\"jet-form-builder__field-wrap\">\n\t\t\t\t<input required=\"required\" name=\"apellido\" id=\"apellido\" type=\"text\" data-field-name=\"apellido\" class=\"jet-form-builder__field text-field\" data-jfb-sync=\"null\" autocomplete=\"off_MUSz8OXh\">\n\t\t\t\t\t<\/div>\n<\/div>\n\n<div  class=\"jet-form-builder-row field-type-text-field\" >\n<div class=\"jet-form-builder__label\">\r\n<div class=\"jet-form-builder__label-text\">Segundo Apellido <span class=\"jet-form-builder__required\">*<\/span><\/div><\/div><div class=\"jet-form-builder__field-wrap\">\n\t\t\t\t<input required=\"required\" name=\"apellido_segundo\" id=\"apellido_segundo\" type=\"text\" data-field-name=\"apellido_segundo\" class=\"jet-form-builder__field text-field\" data-jfb-sync=\"null\" autocomplete=\"off_c7Owfd0g\">\n\t\t\t\t\t<\/div>\n<\/div>\n\n<div  class=\"jet-form-builder-row field-type-text-field\" >\n<div class=\"jet-form-builder__label\">\r\n<div class=\"jet-form-builder__label-text\">Tel\u00e9fono <span class=\"jet-form-builder__required\">*<\/span><\/div><\/div><div class=\"jet-form-builder__field-wrap\">\n\t\t\t\t<input required=\"required\" name=\"telefono\" id=\"telefono\" type=\"text\" data-field-name=\"telefono\" class=\"jet-form-builder__field text-field\" data-jfb-sync=\"null\" autocomplete=\"off_bi6e2Uyv\">\n\t\t\t\t\t<\/div>\n<\/div>\n\n<div  class=\"jet-form-builder-row field-type-text-field\" >\n<div class=\"jet-form-builder__label\">\r\n<div class=\"jet-form-builder__label-text\">Correo electr\u00f3nico <span class=\"jet-form-builder__required\">*<\/span><\/div><\/div><div class=\"jet-form-builder__field-wrap\">\n\t\t\t\t<input required=\"required\" name=\"correo_electronico\" id=\"correo_electronico\" type=\"email\" data-field-name=\"correo_electronico\" class=\"jet-form-builder__field text-field\" data-jfb-sync=\"null\" autocomplete=\"off_UaQnq3wh\">\n\t\t\t\t\t<\/div>\n<\/div>\n\n\n<h3 class=\"wp-block-heading\"><strong>Datos de la empresa<\/strong><\/h3>\n\n\n<div  class=\"jet-form-builder-row field-type-text-field\" >\n<div class=\"jet-form-builder__label\">\r\n<div class=\"jet-form-builder__label-text\">NIF \/ NIE \/ CIF<\/div><\/div><div class=\"jet-form-builder__field-wrap\">\n\t\t\t\t<input name=\"identificacion\" id=\"identificacion\" type=\"text\" data-field-name=\"identificacion\" class=\"jet-form-builder__field text-field\" data-jfb-sync=\"null\" autocomplete=\"off_ErqNGVs1\">\n\t\t\t\t\t<\/div>\n<\/div>\n\n<div  class=\"jet-form-builder-row field-type-text-field\" >\n<div class=\"jet-form-builder__label\">\r\n<div class=\"jet-form-builder__label-text\">Compa\u00f1\u00eda <span class=\"jet-form-builder__required\">*<\/span><\/div><\/div><div class=\"jet-form-builder__field-wrap\">\n\t\t\t\t<input required=\"required\" name=\"compania\" id=\"compania\" type=\"text\" data-field-name=\"compania\" class=\"jet-form-builder__field text-field\" data-jfb-sync=\"null\" autocomplete=\"off_bPLB7KVQ\">\n\t\t\t\t\t<\/div>\n<\/div>\n\n<div  class=\"jet-form-builder-row field-type-select-field wp-block-jet-forms-select-field\">\n<div class=\"jet-form-builder__label\">\r\n<div class=\"jet-form-builder__label-text\">N\u00famero de empleados <span class=\"jet-form-builder__required\">*<\/span><\/div><\/div><div class=\"jet-form-builder__field-wrap\">\n\t<select class=\"jet-form-builder__field select-field\" required=\"required\" name=\"n_empleados\" data-field-name=\"n_empleados\" id=\"n_empleados\" data-jfb-sync=\"null\">\n\t\t<option value=\"\"  selected>Selecciona el n\u00famero de empleados<\/option><option value=\"1a9\" >Entre 1 y 9<\/option><option value=\"10a19\" >Entre 10 y 19<\/option><option value=\"20a49\" >Entre 20 y 49<\/option><option value=\"50a249\" >Entre 50 a 249<\/option><option value=\"250mas\" >M\u00e1s de 250<\/option>\t<\/select>\n<\/div>\n<\/div>\n\n<div  class=\"jet-form-builder-row field-type-text-field\" >\n<div class=\"jet-form-builder__label\">\r\n<div class=\"jet-form-builder__label-text\">Sitio web<\/div><\/div><div class=\"jet-form-builder__field-wrap\">\n\t\t\t\t<input name=\"sitio_web\" id=\"sitio_web\" type=\"text\" data-field-name=\"sitio_web\" class=\"jet-form-builder__field text-field\" data-jfb-sync=\"null\" autocomplete=\"off_Vnk03RDj\">\n\t\t\t\t\t<\/div>\n<\/div>\n\n\n<h3 class=\"wp-block-heading\"><strong>Datos de la empresa<\/strong><\/h3>\n\n\n<div  class=\"jet-form-builder-row field-type-text-field\" >\n<div class=\"jet-form-builder__label\">\r\n<div class=\"jet-form-builder__label-text\">Calle <span class=\"jet-form-builder__required\">*<\/span><\/div><\/div><div class=\"jet-form-builder__field-wrap\">\n\t\t\t\t<input required=\"required\" name=\"calle\" id=\"calle\" type=\"text\" data-field-name=\"calle\" class=\"jet-form-builder__field text-field\" data-jfb-sync=\"null\" autocomplete=\"off_54vsWhyt\">\n\t\t\t\t\t<\/div>\n<\/div>\n\n<div  class=\"jet-form-builder-row field-type-text-field\" >\n<div class=\"jet-form-builder__label\">\r\n<div class=\"jet-form-builder__label-text\">Ciudad <span class=\"jet-form-builder__required\">*<\/span><\/div><\/div><div class=\"jet-form-builder__field-wrap\">\n\t\t\t\t<input required=\"required\" name=\"ciudad\" id=\"ciudad\" type=\"text\" data-field-name=\"ciudad\" class=\"jet-form-builder__field text-field\" data-jfb-sync=\"null\" autocomplete=\"off_h9EXd8zW\">\n\t\t\t\t\t<\/div>\n<\/div>\n\n<div  class=\"jet-form-builder-row field-type-text-field\" >\n<div class=\"jet-form-builder__label\">\r\n<div class=\"jet-form-builder__label-text\">C\u00f3digo postal <span class=\"jet-form-builder__required\">*<\/span><\/div><\/div><div class=\"jet-form-builder__field-wrap\">\n\t\t\t\t<input required=\"required\" name=\"cod_postal\" id=\"cod_postal\" type=\"text\" data-field-name=\"cod_postal\" class=\"jet-form-builder__field text-field\" data-jfb-sync=\"null\" autocomplete=\"off_vfrHkMbc\">\n\t\t\t\t\t<\/div>\n<\/div>\n\n<div  class=\"jet-form-builder-row field-type-text-field\" >\n<div class=\"jet-form-builder__label\">\r\n<div class=\"jet-form-builder__label-text\">Country <span class=\"jet-form-builder__required\">*<\/span><\/div><\/div><div class=\"jet-form-builder__field-wrap\">\n\t\t\t\t<input required=\"required\" name=\"pais\" id=\"pais\" type=\"text\" data-field-name=\"pais\" class=\"jet-form-builder__field text-field\" data-jfb-sync=\"null\" autocomplete=\"off_fu586kAX\">\n\t\t\t\t\t<\/div>\n<\/div>\n\n<div  class=\"jet-form-builder-row field-type-textarea-field\" >\n<div class=\"jet-form-builder__label\">\r\n<div class=\"jet-form-builder__label-text\">Comentarios<\/div><\/div><div class=\"jet-form-builder__field-wrap\">\n\t\t<textarea class=\"jet-form-builder__field textarea-field\" name=\"comentarios\" data-field-name=\"comentarios\" id=\"comentarios\" data-jfb-sync=\"null\"><\/textarea>\n\t<\/div>\n<\/div>\n\n<div  class=\"jet-form-builder-row field-type-checkbox-field\" >\n<div class=\"jet-form-builder__fields-group checkradio-wrap\" data-jfb-sync><div class=\"jet-form-builder__field-wrap checkboxes-wrap checkradio-wrap\"><label class=\"jet-form-builder__field-label for-checkbox\">\n\t\t\t<input type=\"checkbox\" name=\"aceptacion\" value=\"si\" data-field-name=\"aceptacion\"  class=\"jet-form-builder__field checkboxes-field checkradio-field\" required=\"required\"><span>Acepto env\u00edo de comunicaciones comerciales sobre servicios, productos y eventos relacionados sobre prevenci\u00f3n de riesgos laborales y de salud ofrecidos por Quir\u00f3nprevenci\u00f3n.<\/span><\/label><\/div><\/div>\n<\/div>\n\n<div  class=\"jet-form-builder-row field-type-checkbox-field\" >\n<div class=\"jet-form-builder__fields-group checkradio-wrap\" data-jfb-sync><div class=\"jet-form-builder__field-wrap checkboxes-wrap checkradio-wrap\"><label class=\"jet-form-builder__field-label for-checkbox\">\n\t\t\t<input type=\"checkbox\" name=\"aceptacion_copy\" value=\"si\" data-field-name=\"aceptacion_copy\"  class=\"jet-form-builder__field checkboxes-field checkradio-field\" required=\"required\"><span>He le\u00eddo y acepto la pol\u00edtica de privacidad.<\/span><\/label><\/div><\/div><div class=\"jet-form-builder__desc\"><small>Los datos personales que nos facilita (datos identificativos y de contacto) ser\u00e1n tratados por Quir\u00f3n Prevenci\u00f3n S.L.U. con la finalidad de\u00a0<strong>responder y gestionar sus solicitudes de informaci\u00f3n y\/o presupuesto<\/strong>. Puede ejercer sus derechos de acceso, rectificaci\u00f3n, supresi\u00f3n, oposici\u00f3n, limitaci\u00f3n y portabilidad, as\u00ed como revocar su consentimiento, mediante correo postal a C\/ Agust\u00edn de Betancourt 25, 28003 MADRID, o al correo electr\u00f3nico\u00a0<a href=\"mailto:protecciondedatos@quironprevencion.com\">protecciondedatos@quironprevencion.com<\/a>, aportando en ambos casos DNI o documento\u00a0 equivalente.\u00a0<\/small><\/div>\n<\/div>\n\n<div  class=\"jet-form-builder-row field-type-submit-field\" >\n\t<div data-type=\"submit\" class=\"jet-form-builder__action-button-wrapper jet-form-builder__submit-wrap\">\n\t<button class=\"jet-form-builder__action-button jet-form-builder__submit submit-type-reload\" type=\"submit\">Send<\/button>\n\t<\/div>\n\t\n<\/div>\t<div class=\"jet-form-builder-messages-wrap\" data-form-id=\"468\"><\/div>\n<input type=\"hidden\" name=\"trp-form-language\" value=\"en\"\/><\/form>\n\t\t\t\t<\/div>\n\t\t\t\t<\/div>\n\t\t\t\t<\/div>\n\t\t\t\t\t<\/div>\n\t\t\t\t<\/div>\n\t\t\t\t<\/div>","protected":false},"excerpt":{"rendered":"<p>Cumplimenta este formulario y en breve nos pondremos en contacto para facilitarte un presupuesto adecuado a tus necesidades Datos del solicitante Nombre * Apellido * Segundo Apellido * Tel\u00e9fono * Correo electr\u00f3nico * Datos de la empresa NIF \/ NIE \/ CIF Compa\u00f1\u00eda * N\u00famero de empleados * Selecciona el n\u00famero de empleadosEntre 1 y [&hellip;]<\/p>","protected":false},"author":1,"featured_media":0,"parent":0,"menu_order":0,"comment_status":"closed","ping_status":"closed","template":"","meta":{"_jf_save_progress":"","footnotes":""},"class_list":["post-460","page","type-page","status-publish","hentry"],"_links":{"self":[{"href":"https:\/\/objective-johnson.93-93-112-57.plesk.page\/en\/wp-json\/wp\/v2\/pages\/460","targetHints":{"allow":["GET"]}}],"collection":[{"href":"https:\/\/objective-johnson.93-93-112-57.plesk.page\/en\/wp-json\/wp\/v2\/pages"}],"about":[{"href":"https:\/\/objective-johnson.93-93-112-57.plesk.page\/en\/wp-json\/wp\/v2\/types\/page"}],"author":[{"embeddable":true,"href":"https:\/\/objective-johnson.93-93-112-57.plesk.page\/en\/wp-json\/wp\/v2\/users\/1"}],"replies":[{"embeddable":true,"href":"https:\/\/objective-johnson.93-93-112-57.plesk.page\/en\/wp-json\/wp\/v2\/comments?post=460"}],"version-history":[{"count":14,"href":"https:\/\/objective-johnson.93-93-112-57.plesk.page\/en\/wp-json\/wp\/v2\/pages\/460\/revisions"}],"predecessor-version":[{"id":6999,"href":"https:\/\/objective-johnson.93-93-112-57.plesk.page\/en\/wp-json\/wp\/v2\/pages\/460\/revisions\/6999"}],"wp:attachment":[{"href":"https:\/\/objective-johnson.93-93-112-57.plesk.page\/en\/wp-json\/wp\/v2\/media?parent=460"}],"curies":[{"name":"wp","href":"https:\/\/api.w.org\/{rel}","templated":true}]}}