{"id":5307,"date":"2024-06-19T08:48:25","date_gmt":"2024-06-19T06:48:25","guid":{"rendered":"https:\/\/objective-johnson.93-93-112-57.plesk.page\/?page_id=5307"},"modified":"2025-05-05T11:29:21","modified_gmt":"2025-05-05T09:29:21","slug":"politica-de-privacidad-informacion-adicional","status":"publish","type":"page","link":"https:\/\/objective-johnson.93-93-112-57.plesk.page\/en\/politica-de-privacidad-informacion-adicional\/","title":{"rendered":"Privacy Policy: Additional Information"},"content":{"rendered":"<p>Consulta la informaci\u00f3n adicional o las pol\u00edticas de Privacidad en funci\u00f3n de la finalidad de los datos de cualquiera de los consentimientos que se recogen en Quir\u00f3nprevenci\u00f3n:<br><br><\/p>\n\n\n\n<ul class=\"wp-block-list\">\n<li>Informaci\u00f3n adicional de Protecci\u00f3n de datos para&nbsp;<a href=\"\/wp-content\/uploads\/2025\/05\/PL-PD.39_v.4_Informacion-adicional-Vigilancia-de-la-Salud.pdf\" target=\"_blank\" rel=\"noreferrer noopener\">Vigilancia de la Salud<\/a><\/li>\n\n\n\n<li>Informaci\u00f3n adicional de Protecci\u00f3n de datos para&nbsp;<a href=\"\/wp-content\/uploads\/2025\/05\/Informacion_adicional_protecciondatos_reclamaciones_felicitaciones.pdf\" target=\"_blank\" rel=\"noreferrer noopener\">Reclamaciones\/ Felicitaciones<\/a><\/li>\n\n\n\n<li>Informaci\u00f3n adicional de&nbsp;<a href=\"\/wp-content\/uploads\/2025\/05\/Politica_Privacidad_contactos_proveedores.pdf\" target=\"_blank\" rel=\"noreferrer noopener\">Personas de Contactos de Proveedores<\/a><\/li>\n\n\n\n<li>Informaci\u00f3n adicional de&nbsp;<a href=\"\/wp-content\/uploads\/2025\/05\/Politica_Privacidad_Contactos_Colaboradores_y_Acciones_Comerciales.pdf\" target=\"_blank\" rel=\"noreferrer noopener\">Personas de contactos de Colaboradores y Acciones comerciales<\/a><\/li>\n\n\n\n<li>Informaci\u00f3n adicional de&nbsp;<a href=\"\/wp-content\/uploads\/2025\/05\/Politica_de_Proteccion_de_datos_para_personas_de_contacto_de_clientes.pdf\" target=\"_blank\" rel=\"noreferrer noopener\">Datos de personas de contacto clientes<\/a><\/li>\n\n\n\n<li>Informaci\u00f3n adicional de&nbsp;<a href=\"\/wp-content\/uploads\/2025\/05\/Informacion_Adicional_Tratamiento_Datos_-Medicina_Asistencial.pdf\" target=\"_blank\" rel=\"noreferrer noopener\">Protecci\u00f3n de datos para Medicina Asistencial<\/a><\/li>\n\n\n\n<li>Informaci\u00f3n adicional de&nbsp;<a href=\"\/wp-content\/uploads\/2025\/05\/PL-PD.52_v.1_Informacion_Adicional_Proteccion_de_Datos_Videovigilancia.pdf\" target=\"_blank\" rel=\"noreferrer noopener\">Videovigilancia<\/a><\/li>\n\n\n\n<li>Informaci\u00f3n adicional de&nbsp;<a href=\"\/wp-content\/uploads\/2025\/05\/PL-PD.56-v.4-Informacion-Adicional_Asistencia-Sanitaria.pdf\" target=\"_blank\" rel=\"noreferrer noopener\">Protecci\u00f3n de datos a particulares en asistencia sanitara<\/a><\/li>\n\n\n\n<li>Informaci\u00f3n adicional de&nbsp;<a href=\"\/wp-content\/uploads\/2025\/05\/Estudio_de_inmunidad_adquirida_post-vacunacion_covid-19.pdf\" target=\"_blank\" rel=\"noreferrer noopener\">Protecci\u00f3n de datos para Estudio inmunidad Covid-19<\/a><\/li>\n\n\n\n<li>Informaci\u00f3n adicional de\u00a0<a href=\"\/wp-content\/uploads\/2025\/05\/Informacion_adicional_PlanesConnect.pdf\" target=\"_blank\" rel=\"noreferrer noopener\">Protecci\u00f3n de Datos Planes Connect<\/a><\/li>\n<\/ul>\n\n\n\n<p><\/p>","protected":false},"excerpt":{"rendered":"<p>Consulta la informaci\u00f3n adicional o las pol\u00edticas de Privacidad en funci\u00f3n de la finalidad de los datos de cualquiera de los consentimientos que se recogen en Quir\u00f3nprevenci\u00f3n:<\/p>","protected":false},"author":1,"featured_media":0,"parent":0,"menu_order":0,"comment_status":"closed","ping_status":"closed","template":"","meta":{"_jf_save_progress":"","footnotes":""},"class_list":["post-5307","page","type-page","status-publish","hentry"],"_links":{"self":[{"href":"https:\/\/objective-johnson.93-93-112-57.plesk.page\/en\/wp-json\/wp\/v2\/pages\/5307","targetHints":{"allow":["GET"]}}],"collection":[{"href":"https:\/\/objective-johnson.93-93-112-57.plesk.page\/en\/wp-json\/wp\/v2\/pages"}],"about":[{"href":"https:\/\/objective-johnson.93-93-112-57.plesk.page\/en\/wp-json\/wp\/v2\/types\/page"}],"author":[{"embeddable":true,"href":"https:\/\/objective-johnson.93-93-112-57.plesk.page\/en\/wp-json\/wp\/v2\/users\/1"}],"replies":[{"embeddable":true,"href":"https:\/\/objective-johnson.93-93-112-57.plesk.page\/en\/wp-json\/wp\/v2\/comments?post=5307"}],"version-history":[{"count":20,"href":"https:\/\/objective-johnson.93-93-112-57.plesk.page\/en\/wp-json\/wp\/v2\/pages\/5307\/revisions"}],"predecessor-version":[{"id":9228,"href":"https:\/\/objective-johnson.93-93-112-57.plesk.page\/en\/wp-json\/wp\/v2\/pages\/5307\/revisions\/9228"}],"wp:attachment":[{"href":"https:\/\/objective-johnson.93-93-112-57.plesk.page\/en\/wp-json\/wp\/v2\/media?parent=5307"}],"curies":[{"name":"wp","href":"https:\/\/api.w.org\/{rel}","templated":true}]}}