{"id":9232,"date":"2025-05-05T01:31:00","date_gmt":"2025-05-04T23:31:00","guid":{"rendered":"https:\/\/objective-johnson.93-93-112-57.plesk.page\/?page_id=9232"},"modified":"2025-05-05T11:51:25","modified_gmt":"2025-05-05T09:51:25","slug":"sociedades-quironprevencion","status":"publish","type":"page","link":"https:\/\/objective-johnson.93-93-112-57.plesk.page\/en\/sociedades-quironprevencion\/","title":{"rendered":"Quir\u00f3nprevention Societies"},"content":{"rendered":"<div style=\"height:25px\" aria-hidden=\"true\" class=\"wp-block-spacer\"><\/div>\n\n\n\n<p><strong>SOCIEDADES DEL GRUPO QUIR\u00d3NPREVENCI\u00d3N<\/strong><\/p>\n\n\n\n<div style=\"height:25px\" aria-hidden=\"true\" class=\"wp-block-spacer\"><\/div>\n\n\n\n<p>A continuaci\u00f3n, les informamos de la raz\u00f3n social y domicilio de las sociedades que forman Quir\u00f3nprevenci\u00f3n:<\/p>\n\n\n\n<div style=\"height:25px\" aria-hidden=\"true\" class=\"wp-block-spacer\"><\/div>\n\n\n\n<p><strong>QUIR\u00d3NPREVENCI\u00d3N S.L.U<\/strong><\/p>\n\n\n\n<p>Calle Agust\u00edn de Betancourt, 25 2\u00aa planta. 28003 Madrid<\/p>\n\n\n\n<p><strong>Medicina de Diagn\u00f3stico y Control, Intermediaci\u00f3n, S.A. (Medycsa)<\/strong><\/p>\n\n\n\n<p>Calle Valent\u00edn Beato N\u00ba 5 28037 Madrid<\/p>\n\n\n\n<p><strong>Servicio Balear de Prevenci\u00f3n S.L.U.<\/strong><\/p>\n\n\n\n<p>Cam\u00ed dels Reis, 308 (Edif. Quironsalud Palmaplanas), 07010, Palma<\/p>\n\n\n\n<p><strong>Q Ready Quir\u00f3n Prevenci\u00f3n S.A.U<\/strong><\/p>\n\n\n\n<p>Calle Valent\u00edn Beato N\u00ba 5 28037 Madrid<\/p>\n\n\n\n<p><strong>Q Safety Quir\u00f3n Prevenci\u00f3n S.A<\/strong><\/p>\n\n\n\n<p>Calle Valent\u00edn Beato N\u00ba 5 28037 Madrid<\/p>\n\n\n\n<p><strong>Quir\u00f3nPrevenci\u00f3n, Seguran\u00e7a e Sa\u00fade no Trabalho, S.A.<\/strong><\/p>\n\n\n\n<p>Avenida do Brasil, n\u00ba 7-B, Alvalade, 1700-062 Lisboa<\/p>\n\n\n\n<div style=\"height:50px\" aria-hidden=\"true\" class=\"wp-block-spacer\"><\/div>\n\n\n\n<p><\/p>","protected":false},"excerpt":{"rendered":"<p>SOCIEDADES DEL GRUPO QUIR\u00d3NPREVENCI\u00d3N A continuaci\u00f3n, les informamos de la raz\u00f3n social y domicilio de las sociedades que forman Quir\u00f3nprevenci\u00f3n: QUIR\u00d3NPREVENCI\u00d3N S.L.U Calle Agust\u00edn de Betancourt, 25 2\u00aa planta. 28003 Madrid Medicina de Diagn\u00f3stico y Control, Intermediaci\u00f3n, S.A. (Medycsa) Calle Valent\u00edn Beato N\u00ba 5 28037 Madrid Servicio Balear de Prevenci\u00f3n S.L.U. Cam\u00ed dels Reis, 308 [&hellip;]<\/p>","protected":false},"author":4,"featured_media":0,"parent":0,"menu_order":0,"comment_status":"closed","ping_status":"closed","template":"","meta":{"_jf_save_progress":"","footnotes":""},"class_list":["post-9232","page","type-page","status-publish","hentry"],"_links":{"self":[{"href":"https:\/\/objective-johnson.93-93-112-57.plesk.page\/en\/wp-json\/wp\/v2\/pages\/9232","targetHints":{"allow":["GET"]}}],"collection":[{"href":"https:\/\/objective-johnson.93-93-112-57.plesk.page\/en\/wp-json\/wp\/v2\/pages"}],"about":[{"href":"https:\/\/objective-johnson.93-93-112-57.plesk.page\/en\/wp-json\/wp\/v2\/types\/page"}],"author":[{"embeddable":true,"href":"https:\/\/objective-johnson.93-93-112-57.plesk.page\/en\/wp-json\/wp\/v2\/users\/4"}],"replies":[{"embeddable":true,"href":"https:\/\/objective-johnson.93-93-112-57.plesk.page\/en\/wp-json\/wp\/v2\/comments?post=9232"}],"version-history":[{"count":8,"href":"https:\/\/objective-johnson.93-93-112-57.plesk.page\/en\/wp-json\/wp\/v2\/pages\/9232\/revisions"}],"predecessor-version":[{"id":9246,"href":"https:\/\/objective-johnson.93-93-112-57.plesk.page\/en\/wp-json\/wp\/v2\/pages\/9232\/revisions\/9246"}],"wp:attachment":[{"href":"https:\/\/objective-johnson.93-93-112-57.plesk.page\/en\/wp-json\/wp\/v2\/media?parent=9232"}],"curies":[{"name":"wp","href":"https:\/\/api.w.org\/{rel}","templated":true}]}}